{"id":913,"date":"2025-03-21T16:09:44","date_gmt":"2025-03-21T15:09:44","guid":{"rendered":"https:\/\/jenzel.nl\/?page_id=913"},"modified":"2025-06-18T13:29:18","modified_gmt":"2025-06-18T12:29:18","slug":"elementor-913","status":"publish","type":"page","link":"https:\/\/jenzel.nl\/?page_id=913","title":{"rendered":"Video-opnamen"},"content":{"rendered":"\t\t<div data-elementor-type=\"wp-page\" data-elementor-id=\"913\" class=\"elementor elementor-913\">\n\t\t\t\t<div class=\"elementor-element elementor-element-c1bc9a8 e-flex e-con-boxed e-con e-parent\" data-id=\"c1bc9a8\" data-element_type=\"container\">\n\t\t\t\t\t<div class=\"e-con-inner\">\n\t\t\t\t<div class=\"elementor-element elementor-element-4c78edb elementor-widget elementor-widget-image\" data-id=\"4c78edb\" data-element_type=\"widget\" data-widget_type=\"image.default\">\n\t\t\t\t<div class=\"elementor-widget-container\">\n\t\t\t<style>\/*! elementor - v3.21.0 - 24-04-2024 *\/\n.elementor-widget-image{text-align:center}.elementor-widget-image a{display:inline-block}.elementor-widget-image a img[src$=\".svg\"]{width:48px}.elementor-widget-image img{vertical-align:middle;display:inline-block}<\/style>\t\t\t\t\t\t\t\t\t\t<img decoding=\"async\" width=\"150\" height=\"150\" src=\"https:\/\/jenzel.nl\/wp-content\/uploads\/2024\/04\/1-150x150.png\" class=\"attachment-thumbnail size-thumbnail wp-image-891\" alt=\"\" srcset=\"https:\/\/jenzel.nl\/wp-content\/uploads\/2024\/04\/1-150x150.png 150w, https:\/\/jenzel.nl\/wp-content\/uploads\/2024\/04\/1.png 200w\" sizes=\"(max-width: 150px) 100vw, 150px\" \/>\t\t\t\t\t\t\t\t\t\t\t\t\t<\/div>\n\t\t\t\t<\/div>\n\t\t\t\t\t<\/div>\n\t\t\t\t<\/div>\n\t\t<div class=\"elementor-element elementor-element-d573c27 e-con-full e-flex e-con e-parent\" data-id=\"d573c27\" data-element_type=\"container\" data-settings=\"{&quot;background_background&quot;:&quot;classic&quot;}\">\n\t\t\t\t<div class=\"elementor-element elementor-element-7b381b9 elementor-widget elementor-widget-button\" data-id=\"7b381b9\" data-element_type=\"widget\" data-widget_type=\"button.default\">\n\t\t\t\t<div class=\"elementor-widget-container\">\n\t\t\t\t\t<div class=\"elementor-button-wrapper\">\n\t\t\t<a class=\"elementor-button elementor-button-link elementor-size-sm\" href=\"https:\/\/jenzel.nl\/?page_id=905\">\n\t\t\t\t\t\t<span class=\"elementor-button-content-wrapper\">\n\t\t\t\t\t\t\t\t\t<span class=\"elementor-button-text\">Welkom\ufb06woord<\/span>\n\t\t\t\t\t<\/span>\n\t\t\t\t\t<\/a>\n\t\t<\/div>\n\t\t\t\t<\/div>\n\t\t\t\t<\/div>\n\t\t\t\t<div class=\"elementor-element elementor-element-5ba569e elementor-widget elementor-widget-button\" data-id=\"5ba569e\" data-element_type=\"widget\" data-widget_type=\"button.default\">\n\t\t\t\t<div class=\"elementor-widget-container\">\n\t\t\t\t\t<div class=\"elementor-button-wrapper\">\n\t\t\t<a class=\"elementor-button elementor-button-link elementor-size-sm\" href=\"https:\/\/jenzel.nl\/?page_id=913\">\n\t\t\t\t\t\t<span class=\"elementor-button-content-wrapper\">\n\t\t\t\t\t\t\t\t\t<span class=\"elementor-button-text\">Video-opnamen<\/span>\n\t\t\t\t\t<\/span>\n\t\t\t\t\t<\/a>\n\t\t<\/div>\n\t\t\t\t<\/div>\n\t\t\t\t<\/div>\n\t\t\t\t<div class=\"elementor-element elementor-element-2de2d2d elementor-widget elementor-widget-button\" data-id=\"2de2d2d\" data-element_type=\"widget\" data-widget_type=\"button.default\">\n\t\t\t\t<div class=\"elementor-widget-container\">\n\t\t\t\t\t<div class=\"elementor-button-wrapper\">\n\t\t\t<a class=\"elementor-button elementor-button-link elementor-size-sm\" href=\"https:\/\/jenzel.nl\/?page_id=950\">\n\t\t\t\t\t\t<span class=\"elementor-button-content-wrapper\">\n\t\t\t\t\t\t\t\t\t<span class=\"elementor-button-text\">Consumentenartikelen<\/span>\n\t\t\t\t\t<\/span>\n\t\t\t\t\t<\/a>\n\t\t<\/div>\n\t\t\t\t<\/div>\n\t\t\t\t<\/div>\n\t\t\t\t<\/div>\n\t\t<div class=\"elementor-element elementor-element-c8558b5 e-flex e-con-boxed e-con e-parent\" data-id=\"c8558b5\" data-element_type=\"container\">\n\t\t\t\t\t<div class=\"e-con-inner\">\n\t\t\t\t<div class=\"elementor-element elementor-element-2dd192e elementor-widget elementor-widget-text-editor\" data-id=\"2dd192e\" data-element_type=\"widget\" data-widget_type=\"text-editor.default\">\n\t\t\t\t<div class=\"elementor-widget-container\">\n\t\t\t<style>\/*! elementor - v3.21.0 - 24-04-2024 *\/\n.elementor-widget-text-editor.elementor-drop-cap-view-stacked .elementor-drop-cap{background-color:#69727d;color:#fff}.elementor-widget-text-editor.elementor-drop-cap-view-framed .elementor-drop-cap{color:#69727d;border:3px solid;background-color:transparent}.elementor-widget-text-editor:not(.elementor-drop-cap-view-default) .elementor-drop-cap{margin-top:8px}.elementor-widget-text-editor:not(.elementor-drop-cap-view-default) .elementor-drop-cap-letter{width:1em;height:1em}.elementor-widget-text-editor .elementor-drop-cap{float:left;text-align:center;line-height:1;font-size:50px}.elementor-widget-text-editor .elementor-drop-cap-letter{display:inline-block}<\/style>\t\t\t\t<h2><strong>Aanschouw.<\/strong><\/h2><p>Onder\ufb06aande opnamen, weltever\ufb06aan. Andere opnamen z\u0133n momenteel verscheidenerw\u0133s irrelevant.<\/p>\t\t\t\t\t\t<\/div>\n\t\t\t\t<\/div>\n\t\t\t\t\t<\/div>\n\t\t\t\t<\/div>\n\t\t<div class=\"elementor-element elementor-element-4c735a2 e-flex e-con-boxed e-con e-parent\" data-id=\"4c735a2\" data-element_type=\"container\">\n\t\t\t\t\t<div class=\"e-con-inner\">\n\t\t\t\t<div class=\"elementor-element elementor-element-f5d58b7 elementor-widget elementor-widget-text-editor\" data-id=\"f5d58b7\" data-element_type=\"widget\" data-widget_type=\"text-editor.default\">\n\t\t\t\t<div class=\"elementor-widget-container\">\n\t\t\t\t\t\t\t<p style=\"text-align: left;\"><strong>Rapbattles<\/strong><\/p><p dir=\"ltr\">Machts\ufb06ructuren z\u0133n dikw\u0133ls in\ufb06itutioneel bepaald: een jury oordeelt, een markt dicteert, een canon selecteert. Wat b\u0133 afwezigheid van die hi\u00ebrarchie gebeurt, is waarneembaar wanneer men macht overdraagt aan een di\ufb00use massa.<\/p><p dir=\"ltr\">Battlerap biedt een context voor die unieke situatie. Binnen de publiekssport die het is, verloopt waardering slechts sporadisch langs formele l\u0133nen. In de regel is het overgeleverd aan de momentane waan van het publiek. De \ufb06r\u0133dende rappers moeten dat publiek ten ko\ufb06e van elkaar aan hun z\u0133de zien kr\u0133gen. Het is een tamel\u0133k pure expressievorm van Chantal Mouffes agoni\ufb06isch model van democratie: geen zoektocht naar consensus, maar een permanente \ufb06r\u0133d tussen uiteenlopende visies, waarin con\ufb02ict geen probleem maar een noodzakel\u0133ke conditie is.<\/p><p dir=\"ltr\"><span style=\"background-color: var( --e-global-color-accent ); color: var( --e-global-color-text ); font-size: 1rem; text-align: var(--text-align);\">A<\/span><span style=\"text-align: var(--text-align); background-color: var( --e-global-color-accent );\">\ufb00ect speelt daarin als motor van con<\/span><span style=\"text-align: var(--text-align); background-color: var( --e-global-color-accent );\">\ufb02ict een belangr<\/span><span style=\"text-align: var(--text-align); background-color: var( --e-global-color-accent );\">\u0133ke<\/span><span style=\"color: var( --e-global-color-text ); text-align: var(--text-align); font-size: 1rem; background-color: var( --e-global-color-accent );\">\u00a0rol en in<\/span><span style=\"color: var( --e-global-color-text ); text-align: var(--text-align); font-size: 1rem; background-color: var( --e-global-color-accent );\">\u00a0battlerap wellicht zelfs de belangr<\/span><span style=\"color: var( --e-global-color-text ); text-align: var(--text-align); font-size: 1rem; background-color: var( --e-global-color-accent );\">\u0133k<\/span><span style=\"color: var( --e-global-color-text ); text-align: var(--text-align); font-size: 1rem; background-color: var( --e-global-color-accent );\">\ufb06e; d<\/span><span style=\"color: var( --e-global-color-text ); text-align: var(--text-align); font-size: 1rem; background-color: var( --e-global-color-accent );\">e \ufb06em des volks is in de battlerapring niet zeer ge\u00efnformeerd. Ruimte voor deliberatie is er amper, waarmee impulsieve reacties, gedreven door sfeer, charisma en timing bepalen wie aan het lang\ufb06e eind trekt. Zo belandt battlerap uiteindel<\/span><span style=\"text-align: var(--text-align); background-color: var( --e-global-color-accent );\">\u0133k\u00a0<\/span><span style=\"background-color: var( --e-global-color-accent ); color: var( --e-global-color-text ); font-size: 1rem; text-align: var(--text-align);\">op het sn\u0133vlak van kun\ufb06, sport en het spektakel van Debord: een domein, waarin beelden en performances prevaleren en betekenis het product is van bezwering.<\/span><\/p>\t\t\t\t\t\t<\/div>\n\t\t\t\t<\/div>\n\t\t\t\t\t<\/div>\n\t\t\t\t<\/div>\n\t\t<div class=\"elementor-element elementor-element-06ef7a6 e-grid e-con-boxed e-con e-parent\" data-id=\"06ef7a6\" data-element_type=\"container\">\n\t\t\t\t\t<div class=\"e-con-inner\">\n\t\t\t\t<div class=\"elementor-element elementor-element-b434145 elementor-widget elementor-widget-html\" data-id=\"b434145\" data-element_type=\"widget\" data-widget_type=\"html.default\">\n\t\t\t\t<div class=\"elementor-widget-container\">\n\t\t\t<iframe title=\"Punchout Battles | Jenzel Crocker tegen Jenzel Crocker\" width=\"560\" height=\"315\" src=\"https:\/\/peertube.wtf\/videos\/embed\/rENpqJRJ1hoG7qgxaUGXjs\" frameborder=\"0\" allowfullscreen=\"\" sandbox=\"allow-same-origin allow-scripts allow-popups allow-forms\"><\/iframe>\t\t<\/div>\n\t\t\t\t<\/div>\n\t\t\t\t<div class=\"elementor-element elementor-element-b84553f elementor-widget elementor-widget-html\" data-id=\"b84553f\" data-element_type=\"widget\" data-widget_type=\"html.default\">\n\t\t\t\t<div class=\"elementor-widget-container\">\n\t\t\t<iframe title=\"Punchout Battles | Jenzel Crocker tegen Mitch\" width=\"560\" height=\"315\" src=\"https:\/\/peertube.wtf\/videos\/embed\/nHrnkwK5RzLYQmMrJUSBcv?warningTitle=0\" frameborder=\"0\" allowfullscreen=\"\" sandbox=\"allow-same-origin allow-scripts allow-popups allow-forms\"><\/iframe>\t\t<\/div>\n\t\t\t\t<\/div>\n\t\t\t\t<div class=\"elementor-element elementor-element-75a426f elementor-widget elementor-widget-html\" data-id=\"75a426f\" data-element_type=\"widget\" data-widget_type=\"html.default\">\n\t\t\t\t<div class=\"elementor-widget-container\">\n\t\t\t<iframe title=\"Punchout Battles | Jenzel Crocker tegen Don Tata\" width=\"560\" height=\"315\" src=\"https:\/\/peertube.wtf\/videos\/embed\/hWoCsLCkKYaoLg95mwiZmC?warningTitle=0\" frameborder=\"0\" allowfullscreen=\"\" sandbox=\"allow-same-origin allow-scripts allow-popups allow-forms\"><\/iframe>\t\t<\/div>\n\t\t\t\t<\/div>\n\t\t\t\t<div class=\"elementor-element elementor-element-f8b0f46 elementor-widget elementor-widget-html\" data-id=\"f8b0f46\" data-element_type=\"widget\" data-widget_type=\"html.default\">\n\t\t\t\t<div class=\"elementor-widget-container\">\n\t\t\t<iframe title=\"Punchout Battles | Jenzel Crocker tegen Mana\" width=\"560\" height=\"315\" src=\"https:\/\/peertube.wtf\/videos\/embed\/eqE3r9jsPnhuJsm4e1ZnQs?warningTitle=0\" frameborder=\"0\" allowfullscreen=\"\" sandbox=\"allow-same-origin allow-scripts allow-popups allow-forms\"><\/iframe>\t\t<\/div>\n\t\t\t\t<\/div>\n\t\t\t\t\t<\/div>\n\t\t\t\t<\/div>\n\t\t<div class=\"elementor-element elementor-element-3fdbf0e e-flex e-con-boxed e-con e-parent\" data-id=\"3fdbf0e\" data-element_type=\"container\">\n\t\t\t\t\t<div class=\"e-con-inner\">\n\t\t\t\t<div class=\"elementor-element elementor-element-7518868 elementor-widget elementor-widget-text-editor\" data-id=\"7518868\" data-element_type=\"widget\" data-widget_type=\"text-editor.default\">\n\t\t\t\t<div class=\"elementor-widget-container\">\n\t\t\t\t\t\t\t<p style=\"text-align: center;\">*<\/p><p><strong>Rapcolumns<\/strong><\/p><p class=\"Lexical__paragraph\" dir=\"ltr\">Rappers nemen loopjes met de waarheid, dat moge helder zijn. Maar het is niet dat z\u0133 kwaad in de zin hebben. Ze liegen uit noodzaak. Ze moeten. De dictatuur van het r\u0133m is dwingend. En eigenl\u0133k z\u0133n rappers hiermee niet veel anders dan ieder ander. De taal, zoals w\u0133 die ver\ufb06aan, is nu eenmaal beperkt. Maar jui\ufb06 daarom zouden we ons moeten richten op iets anders dan het logische of sch\u0133nware. We moeten de rapper als lichtend voorbeeld gaan zien.<\/p><p class=\"Lexical__paragraph\" dir=\"ltr\">De enige manier waarop de mens diens gevangenschap in de taal, kan vervr\u0133en, is namel\u0133k door het erkennen van een Wittgen\ufb06einiaans taalspel: ongericht op neutrale beschr\u0133ving, kale klets, maar gefocu\ufb06 op een dynamisch proces van betekenisverlenging.<\/p><p class=\"Lexical__paragraph\" dir=\"ltr\">Binnen dit spel worden de regels, hoe los of \ufb06rak ook, bepaald door de prakt\u0133k. Het is in dit licht dat rap als fenomeen dient te worden ver\ufb06aan: niet als zuiver po\u00ebtisch amusement, maar als een performatieve daad waarin ironie, overdr\u0133ving en ritme tot een eigen waarheid komen.<\/p><p class=\"Lexical__paragraph\" dir=\"ltr\">Toch is het arti\ufb06ieke veld doorgaans huiverig rap als een volwaardig discours te aanvaarden. Misschien omwille van z\u0133n lichamel\u0133ke directheid, misschien omwille van z\u0133n ritmische \ufb06ructuur die de \ufb06atige orde van essays en columns ver\ufb06rooit. Hoe dan ook, de vraag dient geenszins te z\u0133n of rap zich schikt naar de gangbare literaire normen, maar of het niet jui\ufb06 z\u0133n kracht put uit deze onorthodoxie en zodoende zeer geschikt is als tegendraads opini\u00ebrend middel.<\/p>\t\t\t\t\t\t<\/div>\n\t\t\t\t<\/div>\n\t\t\t\t\t<\/div>\n\t\t\t\t<\/div>\n\t\t<div class=\"elementor-element elementor-element-32088de e-flex e-con-boxed e-con e-parent\" data-id=\"32088de\" data-element_type=\"container\">\n\t\t\t\t\t<div class=\"e-con-inner\">\n\t\t<div class=\"elementor-element elementor-element-f1a1bd6 e-con-full e-flex e-con e-child\" data-id=\"f1a1bd6\" data-element_type=\"container\">\n\t\t\t\t<div class=\"elementor-element elementor-element-b3cb113 elementor-widget elementor-widget-html\" data-id=\"b3cb113\" data-element_type=\"widget\" data-widget_type=\"html.default\">\n\t\t\t\t<div class=\"elementor-widget-container\">\n\t\t\t<iframe title=\"Auf Queener schnitzel\" width=\"560\" height=\"315\" src=\"https:\/\/peertube.wtf\/videos\/embed\/qMausZgGYZQmyc1Evdd7qB\" frameborder=\"0\" allowfullscreen=\"\" sandbox=\"allow-same-origin allow-scripts allow-popups allow-forms\"><\/iframe>\t\t<\/div>\n\t\t\t\t<\/div>\n\t\t\t\t<\/div>\n\t\t<div class=\"elementor-element elementor-element-085aa99 e-con-full e-flex e-con e-child\" data-id=\"085aa99\" data-element_type=\"container\">\n\t\t\t\t<div class=\"elementor-element elementor-element-ad38137 elementor-widget elementor-widget-html\" data-id=\"ad38137\" data-element_type=\"widget\" data-widget_type=\"html.default\">\n\t\t\t\t<div class=\"elementor-widget-container\">\n\t\t\t<iframe title=\"Presenteer Isra\u00ebl de rekening\" width=\"560\" height=\"315\" src=\"https:\/\/peertube.wtf\/videos\/embed\/4QUjG69NT9sUxsth4d4svw\" frameborder=\"0\" allowfullscreen=\"\" sandbox=\"allow-same-origin allow-scripts allow-popups allow-forms\"><\/iframe>\t\t<\/div>\n\t\t\t\t<\/div>\n\t\t\t\t<\/div>\n\t\t<div class=\"elementor-element elementor-element-ff3eb80 e-con-full e-flex e-con e-child\" data-id=\"ff3eb80\" data-element_type=\"container\">\n\t\t\t\t<div class=\"elementor-element elementor-element-e5a6645 elementor-widget elementor-widget-html\" data-id=\"e5a6645\" data-element_type=\"widget\" data-widget_type=\"html.default\">\n\t\t\t\t<div class=\"elementor-widget-container\">\n\t\t\t<iframe title=\"Mark is \u2019n databeest\" width=\"560\" height=\"315\" src=\"https:\/\/peertube.wtf\/videos\/embed\/7Wkd5nDYaaGnSdEvzwhxAm\" frameborder=\"0\" allowfullscreen=\"\" sandbox=\"allow-same-origin allow-scripts allow-popups allow-forms\"><\/iframe>\t\t<\/div>\n\t\t\t\t<\/div>\n\t\t\t\t<\/div>\n\t\t<div class=\"elementor-element elementor-element-f72ad00 e-con-full e-flex e-con e-child\" data-id=\"f72ad00\" data-element_type=\"container\">\n\t\t\t\t<div class=\"elementor-element elementor-element-a01b417 elementor-widget elementor-widget-html\" data-id=\"a01b417\" data-element_type=\"widget\" data-widget_type=\"html.default\">\n\t\t\t\t<div class=\"elementor-widget-container\">\n\t\t\t<iframe title=\"Pass die eieren terug aan hun eigenaar\" width=\"560\" height=\"315\" src=\"https:\/\/peertube.wtf\/videos\/embed\/vJy1NCLCL5bNhq677VHpPj\" frameborder=\"0\" allowfullscreen=\"\" sandbox=\"allow-same-origin allow-scripts allow-popups allow-forms\"><\/iframe>\t\t<\/div>\n\t\t\t\t<\/div>\n\t\t\t\t<\/div>\n\t\t\t\t\t<\/div>\n\t\t\t\t<\/div>\n\t\t<div class=\"elementor-element elementor-element-02836f1 e-flex e-con-boxed e-con e-parent\" data-id=\"02836f1\" data-element_type=\"container\">\n\t\t\t\t\t<div class=\"e-con-inner\">\n\t\t<div class=\"elementor-element elementor-element-e415682 e-con-full e-flex e-con e-child\" data-id=\"e415682\" data-element_type=\"container\">\n\t\t\t\t<div class=\"elementor-element elementor-element-1591e99 elementor-widget elementor-widget-html\" data-id=\"1591e99\" data-element_type=\"widget\" data-widget_type=\"html.default\">\n\t\t\t\t<div class=\"elementor-widget-container\">\n\t\t\t<iframe title=\"\u2019t Is \u00e9\u00e9n kouwe kermis op de piste\" width=\"560\" height=\"315\" src=\"https:\/\/peertube.wtf\/videos\/embed\/gYyCvciKGyJaRoe8QaQUdB\" frameborder=\"0\" allowfullscreen=\"\" sandbox=\"allow-same-origin allow-scripts allow-popups allow-forms\"><\/iframe>\t\t<\/div>\n\t\t\t\t<\/div>\n\t\t\t\t<\/div>\n\t\t<div class=\"elementor-element elementor-element-5621096 e-con-full e-flex e-con e-child\" data-id=\"5621096\" data-element_type=\"container\">\n\t\t\t\t<div class=\"elementor-element elementor-element-df290b8 elementor-widget elementor-widget-html\" data-id=\"df290b8\" data-element_type=\"widget\" data-widget_type=\"html.default\">\n\t\t\t\t<div class=\"elementor-widget-container\">\n\t\t\t<iframe title=\"Belaag dat blaag fors met belasting\" width=\"560\" height=\"315\" src=\"https:\/\/peertube.wtf\/videos\/embed\/vf9zLmPSgwRwXq3HN17mvM\" frameborder=\"0\" allowfullscreen=\"\" sandbox=\"allow-same-origin allow-scripts allow-popups allow-forms\"><\/iframe>\t\t<\/div>\n\t\t\t\t<\/div>\n\t\t\t\t<\/div>\n\t\t<div class=\"elementor-element elementor-element-00f8a56 e-con-full e-flex e-con e-child\" data-id=\"00f8a56\" data-element_type=\"container\">\n\t\t\t\t<div class=\"elementor-element elementor-element-0524890 elementor-widget elementor-widget-html\" data-id=\"0524890\" data-element_type=\"widget\" data-widget_type=\"html.default\">\n\t\t\t\t<div class=\"elementor-widget-container\">\n\t\t\t<iframe title=\"Maak Vandaag Inside verleden tijd\" width=\"560\" height=\"315\" src=\"https:\/\/peertube.wtf\/videos\/embed\/iWeFTySzSP38jMogFsSvhw\" frameborder=\"0\" allowfullscreen=\"\" sandbox=\"allow-same-origin allow-scripts allow-popups allow-forms\"><\/iframe>\t\t<\/div>\n\t\t\t\t<\/div>\n\t\t\t\t<\/div>\n\t\t<div class=\"elementor-element elementor-element-b1de69c e-con-full e-flex e-con e-child\" data-id=\"b1de69c\" data-element_type=\"container\">\n\t\t\t\t<div class=\"elementor-element elementor-element-cf6f4a2 elementor-widget elementor-widget-html\" data-id=\"cf6f4a2\" data-element_type=\"widget\" data-widget_type=\"html.default\">\n\t\t\t\t<div class=\"elementor-widget-container\">\n\t\t\t<iframe title=\"Lam zijn is voor schapen\" width=\"560\" height=\"315\" src=\"https:\/\/peertube.wtf\/videos\/embed\/8Jk3KLNa2F75EZkmZrCkEN\" frameborder=\"0\" allowfullscreen=\"\" sandbox=\"allow-same-origin allow-scripts allow-popups allow-forms\"><\/iframe>\t\t<\/div>\n\t\t\t\t<\/div>\n\t\t\t\t<\/div>\n\t\t\t\t\t<\/div>\n\t\t\t\t<\/div>\n\t\t<div class=\"elementor-element elementor-element-7b97609 e-flex e-con-boxed e-con e-parent\" data-id=\"7b97609\" data-element_type=\"container\">\n\t\t\t\t\t<div class=\"e-con-inner\">\n\t\t\t\t<div class=\"elementor-element elementor-element-949e2da elementor-widget elementor-widget-text-editor\" data-id=\"949e2da\" data-element_type=\"widget\" data-widget_type=\"text-editor.default\">\n\t\t\t\t<div class=\"elementor-widget-container\">\n\t\t\t\t\t\t\t<p style=\"text-align: center;\">*<\/p><p style=\"text-align: left;\"><strong>Auto-interview<\/strong><\/p><p dir=\"ltr\">De grenzen tussen kun\ufb06enaar en duider vervagen. Dankz\u0133 sociale media kunnen makers hun publiek directer dan ooit aanspreken. Daarmee nemen ze een meer en meer hybride rol in, die zich niet laat defini\u00ebren binnen de klassieke categorie\u00ebn \u2018subjectief\u2019 en \u2018objectief\u2019.<\/p><p dir=\"ltr\">Dit proces cre\u00ebert ruimte voor, zo Baudrillard het noemt, een hyperrealiteit: een perceptieve werkel\u0133kheid, ingericht met representaties. Rappers hebben dit in\ufb06inctief door. Onder het mom van anti-discriminatoire subversiviteit, scheppen ze eigen narratieven. Ze laten zich interviewen door fans en colleg\u00e6 en z\u0133n coauteur van hun eigen biografie\u00ebn, die als een grotere bron van waarheid dienen dan het eigenl\u0133ke leven waaruit ze putten.<\/p><p dir=\"ltr\">Het nadeel daarvan laat zich raden. De mogel\u0133kheid tot manipulatie van de publieke perceptie verleent rappers een ongeautoriseerde macht die noopt tot transparantie.<\/p><p dir=\"ltr\">Maar om de woorden van Cru\u0133\ufb00 te verdraaien: ieder nadeel heeft z\u0133n voordeel. De geborgenheid van een eigen narratief biedt immers eveneens jui\ufb06 ruimte voor transparantie. In vertrouwen draagt men het hart op de tong. Met die zalvende gedachte \ufb06apte ik in de auto b\u0133 een vriendin om te spreken over m\u0133n werk als rapper.<\/p>\t\t\t\t\t\t<\/div>\n\t\t\t\t<\/div>\n\t\t\t\t\t<\/div>\n\t\t\t\t<\/div>\n\t\t<div class=\"elementor-element elementor-element-139e813 e-flex e-con-boxed e-con e-parent\" data-id=\"139e813\" data-element_type=\"container\">\n\t\t\t\t\t<div class=\"e-con-inner\">\n\t\t\t\t<div class=\"elementor-element elementor-element-5e0f936 elementor-widget elementor-widget-html\" data-id=\"5e0f936\" data-element_type=\"widget\" data-widget_type=\"html.default\">\n\t\t\t\t<div class=\"elementor-widget-container\">\n\t\t\t<iframe title=\"Auto-interview over Jenzel Crocker\" width=\"560\" height=\"315\" src=\"https:\/\/peertube.wtf\/videos\/embed\/1ruZRJdohCNGYHJcpMap2n\" frameborder=\"0\" allowfullscreen=\"\" sandbox=\"allow-same-origin allow-scripts allow-popups allow-forms\"><\/iframe>\t\t<\/div>\n\t\t\t\t<\/div>\n\t\t\t\t\t<\/div>\n\t\t\t\t<\/div>\n\t\t\t\t<\/div>\n\t\t","protected":false},"excerpt":{"rendered":"<p>Welkom\ufb06woord Video-opnamen Consumentenartikelen Aanschouw. Onder\ufb06aande opnamen, weltever\ufb06aan. Andere opnamen z\u0133n momenteel verscheidenerw\u0133s irrelevant. Rapbattles Machts\ufb06ructuren z\u0133n dikw\u0133ls in\ufb06itutioneel bepaald: een jury oordeelt, een markt dicteert, een canon selecteert. Wat b\u0133 afwezigheid van die hi\u00ebrarchie gebeurt, is waarneembaar wanneer men macht overdraagt aan een di\ufb00use massa. Battlerap biedt een context voor die unieke situatie. Binnen de [&hellip;]<\/p>\n","protected":false},"author":1,"featured_media":0,"parent":0,"menu_order":0,"comment_status":"closed","ping_status":"closed","template":"elementor_canvas","meta":{"footnotes":""},"class_list":["post-913","page","type-page","status-publish","hentry"],"_links":{"self":[{"href":"https:\/\/jenzel.nl\/index.php?rest_route=\/wp\/v2\/pages\/913","targetHints":{"allow":["GET"]}}],"collection":[{"href":"https:\/\/jenzel.nl\/index.php?rest_route=\/wp\/v2\/pages"}],"about":[{"href":"https:\/\/jenzel.nl\/index.php?rest_route=\/wp\/v2\/types\/page"}],"author":[{"embeddable":true,"href":"https:\/\/jenzel.nl\/index.php?rest_route=\/wp\/v2\/users\/1"}],"replies":[{"embeddable":true,"href":"https:\/\/jenzel.nl\/index.php?rest_route=%2Fwp%2Fv2%2Fcomments&post=913"}],"version-history":[{"count":75,"href":"https:\/\/jenzel.nl\/index.php?rest_route=\/wp\/v2\/pages\/913\/revisions"}],"predecessor-version":[{"id":1199,"href":"https:\/\/jenzel.nl\/index.php?rest_route=\/wp\/v2\/pages\/913\/revisions\/1199"}],"wp:attachment":[{"href":"https:\/\/jenzel.nl\/index.php?rest_route=%2Fwp%2Fv2%2Fmedia&parent=913"}],"curies":[{"name":"wp","href":"https:\/\/api.w.org\/{rel}","templated":true}]}}